{"id":827,"date":"2025-12-27T18:04:09","date_gmt":"2025-12-27T18:04:09","guid":{"rendered":"https:\/\/www.cleversolutionlab.com\/?page_id=827"},"modified":"2025-12-27T18:18:09","modified_gmt":"2025-12-27T18:18:09","slug":"barrierefreiheitserklaerung","status":"publish","type":"page","link":"https:\/\/www.cleversolutionlab.com\/index.php\/barrierefreiheitserklaerung\/","title":{"rendered":"Barrierefreiheitserkl\u00e4rung"},"content":{"rendered":"\t\t<div data-elementor-type=\"wp-page\" data-elementor-id=\"827\" class=\"elementor elementor-827\" data-elementor-post-type=\"page\">\n\t\t\t\t<div class=\"elementor-element elementor-element-26c4f01 e-flex e-con-boxed e-con e-parent\" data-id=\"26c4f01\" data-element_type=\"container\" data-e-type=\"container\">\n\t\t\t\t\t<div class=\"e-con-inner\">\n\t\t\t\t<div class=\"elementor-element elementor-element-dc4f600 elementor-widget elementor-widget-spacer\" data-id=\"dc4f600\" data-element_type=\"widget\" data-e-type=\"widget\" data-widget_type=\"spacer.default\">\n\t\t\t\t\t\t\t<div class=\"elementor-spacer\">\n\t\t\t<div class=\"elementor-spacer-inner\"><\/div>\n\t\t<\/div>\n\t\t\t\t\t\t<\/div>\n\t\t\t\t\t<\/div>\n\t\t\t\t<\/div>\n\t\t<div class=\"elementor-element elementor-element-9a38677 e-flex e-con-boxed e-con e-parent\" data-id=\"9a38677\" data-element_type=\"container\" data-e-type=\"container\">\n\t\t\t\t\t<div class=\"e-con-inner\">\n\t\t\t\t<div class=\"elementor-element elementor-element-b68b29d elementor-widget elementor-widget-text-editor\" data-id=\"b68b29d\" data-element_type=\"widget\" data-e-type=\"widget\" data-widget_type=\"text-editor.default\">\n\t\t\t\t\t\t\t\t\t<h2 data-start=\"208\" data-end=\"241\">Erkl\u00e4rung zur Barrierefreiheit<\/h2><p data-start=\"243\" data-end=\"488\">Diese Erkl\u00e4rung zur Barrierefreiheit gilt f\u00fcr die unter https:\/\/cleversolutionlab.com ver\u00f6ffentlichte Website der <strong data-start=\"392\" data-end=\"415\">Clever Home Labs GmbH<\/strong>, Ostende 40, 22045 Hamburg (Inhaber: Matthias Fricke).<\/p><p data-start=\"490\" data-end=\"847\">Als Technologieunternehmen \u00a0sind wir bem\u00fcht, die Inhalte auf unserer Website barrierefrei und f\u00fcr jeden unbeschr\u00e4nkt zug\u00e4nglich zu machen. Sollten sie bei der Benutzung auf Barrieren aufmerksam werden, kontaktieren Sie uns gerne.<\/p><hr data-start=\"849\" data-end=\"852\" \/><h2 data-start=\"1086\" data-end=\"1134\">Stand der Vereinbarkeit mit den Anforderungen<\/h2><p data-start=\"1136\" data-end=\"1354\">Die \u00dcberpr\u00fcfung der Einhaltung der Anforderungen beruht auf einer am 27.12.2025<b>\u00a0<\/b>durchgef\u00fchrten Selbstbewertung (manuelle WCAG 2.1 AA-Pr\u00fcfung)\u00a0<\/p><p data-start=\"1356\" data-end=\"1577\">Auf Grundlage dieser Pr\u00fcfung ist die Website <strong data-start=\"1401\" data-end=\"1414\">teilweise<\/strong> mit den zuvor genannten Anforderungen vereinbar. Die meisten Anforderungen werden erf\u00fcllt, jedoch bestehen einzelne Barrieren, deren Behebung bereits geplant ist.<\/p><hr data-start=\"1579\" data-end=\"1582\" \/><h2 data-start=\"1584\" data-end=\"1614\">Nicht barrierefreie Inhalte<\/h2><ol><li>Teilweise unzureichende Kontrastverh\u00e4ltnisse bei Schriften die Graphiken \u00fcberlagern.\u00a0<\/li><li>Zug\u00e4nglichkeit aller Website Bereiche mittels der Screen-Reader-Funktion.<\/li><li>Teilweise fehlende oder unzureichende Alternativbeschreibungen f\u00fcr stilistische Bilder ohne Inhaltliche relevant.<\/li><li>Strukturierungselemente die durch die Screenreader Funktion fehlerhaft ausgegeben oder erfasst werden.\u00a0<\/li><\/ol><hr data-start=\"2912\" data-end=\"2915\" \/><h2 data-start=\"2917\" data-end=\"2976\">Geplante Ma\u00dfnahmen zur Verbesserung der Barrierefreiheit<\/h2><p>Wir planen eine vollst\u00e4ndige \u00dcberarbeitung der Website bis sp\u00e4testens M\u00e4rz 2026.\u00a0<\/p><p>Dar\u00fcberhinaus sind wir selbstverst\u00e4ndlich durchgehend empf\u00e4nglich f\u00fcr Verbesserungsvorschl\u00e4ge, die wir dann im laufenden Website-betrieb bestm\u00f6glich umsetzen werden.\u00a0<\/p><hr data-start=\"3401\" data-end=\"3404\" \/><h2 data-start=\"3406\" data-end=\"3435\">Barrierefreie Alternativen<\/h2><p data-start=\"3437\" data-end=\"3822\">F\u00fcr wichtige Informationen und Kontaktm\u00f6glichkeiten stehen bereits jetzt barrierefreie Alternativen zur Verf\u00fcgung. Nutzerinnen und Nutzer k\u00f6nnen uns telefonisch unter <strong>49 (0) 40 67516200\u00a0<\/strong>oder per E-Mail an info@cleversolutionlab.com erreichen. Au\u00dferdem kann das Kontaktformular auf der Website benutzt werden.<\/p><hr data-start=\"3824\" data-end=\"3827\" \/><h2 data-start=\"3829\" data-end=\"3886\">Ausnahmen und Inhalte au\u00dferhalb des Anwendungsbereichs<\/h2><hr data-start=\"4070\" data-end=\"4073\" \/><h2 data-start=\"4075\" data-end=\"4110\">Fakultativ barrierefreie Inhalte<\/h2><p data-start=\"4112\" data-end=\"4322\">Zus\u00e4tzlich zu den gesetzlich geforderten Ma\u00dfnahmen wurde auf der Website ein sogenannter <strong data-start=\"4201\" data-end=\"4251\">\u201eSkip-Link\u201c (\u201eZum Inhalt springen\u201c) integriert<\/strong>, der es Tastaturnutzenden erleichtert, die Navigation zu \u00fcberspringen.<\/p><hr data-start=\"4324\" data-end=\"4327\" \/><h2 data-start=\"4329\" data-end=\"4359\">Erstellung dieser Erkl\u00e4rung<\/h2><p data-start=\"4361\" data-end=\"4473\">Diese Erkl\u00e4rung zur Barrierefreiheit wurde am <strong data-start=\"4407\" data-end=\"4427\">27.12.2025<\/strong> erstellt und zuletzt am selben Tag \u00fcberpr\u00fcft.<\/p><hr data-start=\"4475\" data-end=\"4478\" \/><h2 data-start=\"4480\" data-end=\"4503\">Feedback und Kontakt<\/h2><p data-start=\"4505\" data-end=\"4826\">Wenn Sie uns bestehende Barrieren mitteilen oder Informationen zur Umsetzung der Barrierefreiheit erfragen m\u00f6chten, kontaktieren Sie uns gerne telefonisch unter <strong>49 (0) 40 67516200<\/strong>, per E-Mail an info@cleversolutionlab.com oder \u00fcber das Kontaktformular auf unserer Website.<\/p><hr data-start=\"4828\" data-end=\"4831\" \/><h2 data-start=\"4833\" data-end=\"4857\">Schlichtungsverfahren<\/h2><p data-start=\"4859\" data-end=\"5277\">Sollten Sie innerhalb einer angemessenen Frist keine zufriedenstellende Antwort auf Ihr Feedback erhalten, k\u00f6nnen Sie sich an die <strong data-start=\"4989\" data-end=\"5029\">Schlichtungsstelle nach \u00a7 13a HmbBGG<\/strong> wenden. Das Verfahren ist kostenlos und es ist kein Rechtsbeistand erforderlich.<\/p><p data-start=\"5279\" data-end=\"5429\">Weitere Informationen finden Sie unter <a class=\"decorated-link cursor-pointer\" target=\"_new\" rel=\"noopener\" data-start=\"5318\" data-end=\"5428\">https:\/\/www.hamburg.de\/schlichtungsstelle-behinderung<\/a>.<\/p><p data-start=\"5431\" data-end=\"5626\">E-Mail: <strong data-start=\"5439\" data-end=\"5488\"><a class=\"decorated-link cursor-pointer\" rel=\"noopener\" data-start=\"5441\" data-end=\"5486\">schlichtungsstelle-hmbbgg@soziales.hamburg.de<\/a><\/strong><br data-start=\"5488\" data-end=\"5491\" \/>Postanschrift: Schlichtungsstelle HmbBGG<br data-start=\"5531\" data-end=\"5534\" \/>c\/o \u00d6ffentliche Rechtsauskunft- und Vergleichsstelle (\u00d6RA)<br data-start=\"5592\" data-end=\"5595\" \/>Dammtorstra\u00dfe 14, 20354 Hamburg<\/p>\t\t\t\t\t\t\t\t<\/div>\n\t\t\t\t\t<\/div>\n\t\t\t\t<\/div>\n\t\t\t\t<\/div>\n\t\t","protected":false},"excerpt":{"rendered":"<p>Erkl\u00e4rung zur Barrierefreiheit Diese Erkl\u00e4rung zur Barrierefreiheit gilt f\u00fcr die unter https:\/\/cleversolutionlab.com ver\u00f6ffentlichte Website der Clever Home Labs GmbH, Ostende [&hellip;]<\/p>\n","protected":false},"author":3,"featured_media":0,"parent":0,"menu_order":0,"comment_status":"closed","ping_status":"closed","template":"","meta":{"site-sidebar-layout":"no-sidebar","site-content-layout":"","ast-site-content-layout":"full-width-container","site-content-style":"default","site-sidebar-style":"default","ast-global-header-display":"","ast-banner-title-visibility":"","ast-main-header-display":"","ast-hfb-above-header-display":"","ast-hfb-below-header-display":"","ast-hfb-mobile-header-display":"","site-post-title":"disabled","ast-breadcrumbs-content":"","ast-featured-img":"disabled","footer-sml-layout":"","ast-disable-related-posts":"","theme-transparent-header-meta":"","adv-header-id-meta":"","stick-header-meta":"","header-above-stick-meta":"","header-main-stick-meta":"","header-below-stick-meta":"","astra-migrate-meta-layouts":"default","ast-page-background-enabled":"default","ast-page-background-meta":{"desktop":{"background-color":"var(--ast-global-color-5)","background-image":"","background-repeat":"repeat","background-position":"center center","background-size":"auto","background-attachment":"scroll","background-type":"","background-media":"","overlay-type":"","overlay-color":"","overlay-opacity":"","overlay-gradient":""},"tablet":{"background-color":"","background-image":"","background-repeat":"repeat","background-position":"center center","background-size":"auto","background-attachment":"scroll","background-type":"","background-media":"","overlay-type":"","overlay-color":"","overlay-opacity":"","overlay-gradient":""},"mobile":{"background-color":"","background-image":"","background-repeat":"repeat","background-position":"center center","background-size":"auto","background-attachment":"scroll","background-type":"","background-media":"","overlay-type":"","overlay-color":"","overlay-opacity":"","overlay-gradient":""}},"ast-content-background-meta":{"desktop":{"background-color":"var(--ast-global-color-4)","background-image":"","background-repeat":"repeat","background-position":"center center","background-size":"auto","background-attachment":"scroll","background-type":"","background-media":"","overlay-type":"","overlay-color":"","overlay-opacity":"","overlay-gradient":""},"tablet":{"background-color":"var(--ast-global-color-4)","background-image":"","background-repeat":"repeat","background-position":"center center","background-size":"auto","background-attachment":"scroll","background-type":"","background-media":"","overlay-type":"","overlay-color":"","overlay-opacity":"","overlay-gradient":""},"mobile":{"background-color":"var(--ast-global-color-4)","background-image":"","background-repeat":"repeat","background-position":"center center","background-size":"auto","background-attachment":"scroll","background-type":"","background-media":"","overlay-type":"","overlay-color":"","overlay-opacity":"","overlay-gradient":""}},"footnotes":""},"class_list":["post-827","page","type-page","status-publish","hentry"],"_links":{"self":[{"href":"https:\/\/www.cleversolutionlab.com\/index.php\/wp-json\/wp\/v2\/pages\/827","targetHints":{"allow":["GET"]}}],"collection":[{"href":"https:\/\/www.cleversolutionlab.com\/index.php\/wp-json\/wp\/v2\/pages"}],"about":[{"href":"https:\/\/www.cleversolutionlab.com\/index.php\/wp-json\/wp\/v2\/types\/page"}],"author":[{"embeddable":true,"href":"https:\/\/www.cleversolutionlab.com\/index.php\/wp-json\/wp\/v2\/users\/3"}],"replies":[{"embeddable":true,"href":"https:\/\/www.cleversolutionlab.com\/index.php\/wp-json\/wp\/v2\/comments?post=827"}],"version-history":[{"count":14,"href":"https:\/\/www.cleversolutionlab.com\/index.php\/wp-json\/wp\/v2\/pages\/827\/revisions"}],"predecessor-version":[{"id":842,"href":"https:\/\/www.cleversolutionlab.com\/index.php\/wp-json\/wp\/v2\/pages\/827\/revisions\/842"}],"wp:attachment":[{"href":"https:\/\/www.cleversolutionlab.com\/index.php\/wp-json\/wp\/v2\/media?parent=827"}],"curies":[{"name":"wp","href":"https:\/\/api.w.org\/{rel}","templated":true}]}}